{"id":2002,"date":"2026-03-23T15:51:43","date_gmt":"2026-03-23T15:51:43","guid":{"rendered":"https:\/\/one-agriculture.com\/contact\/"},"modified":"2026-05-05T20:06:11","modified_gmt":"2026-05-05T20:06:11","slug":"contact","status":"publish","type":"page","link":"https:\/\/one-agriculture.com\/cs\/contact\/","title":{"rendered":"Contact"},"content":{"rendered":"\t\t<div data-elementor-type=\"wp-post\" data-elementor-id=\"2002\" class=\"elementor elementor-2002 elementor-1657\" data-elementor-post-type=\"page\">\n\t\t\t\t<div class=\"elementor-element elementor-element-bc4aaf8 overlaybg e-flex e-con-boxed e-con e-parent\" data-id=\"bc4aaf8\" data-element_type=\"container\" data-e-type=\"container\" data-settings=\"{&quot;background_background&quot;:&quot;classic&quot;}\">\n\t\t\t\t\t<div class=\"e-con-inner\">\n\t\t\t\t\t<\/div>\n\t\t\t\t<\/div>\n\t\t<div class=\"elementor-element elementor-element-717c2fc e-flex e-con-boxed e-con e-parent\" data-id=\"717c2fc\" data-element_type=\"container\" data-e-type=\"container\">\n\t\t\t\t\t<div class=\"e-con-inner\">\n\t\t\t\t<div class=\"elementor-element elementor-element-d006f49 elementor-invisible elementor-widget elementor-widget-heading\" data-id=\"d006f49\" data-element_type=\"widget\" data-e-type=\"widget\" data-settings=\"{&quot;_animation&quot;:&quot;fadeInUp&quot;}\" data-widget_type=\"heading.default\">\n\t\t\t\t\t<h2 class=\"elementor-heading-title elementor-size-default\">Kontaktn\u00ed<\/h2>\t\t\t\t<\/div>\n\t\t\t\t<div class=\"elementor-element elementor-element-139eff0 animated-slow elementor-invisible elementor-widget elementor-widget-heading\" data-id=\"139eff0\" data-element_type=\"widget\" data-e-type=\"widget\" data-settings=\"{&quot;_animation&quot;:&quot;fadeInUp&quot;}\" data-widget_type=\"heading.default\">\n\t\t\t\t\t<h3 class=\"elementor-heading-title elementor-size-default\">Pros\u00edm, kontaktujte n\u00e1s<\/h3>\t\t\t\t<\/div>\n\t\t\t\t<div class=\"elementor-element elementor-element-5917ab2 elementor-widget elementor-widget-spacer\" data-id=\"5917ab2\" data-element_type=\"widget\" data-e-type=\"widget\" data-widget_type=\"spacer.default\">\n\t\t\t\t\t\t\t<div class=\"elementor-spacer\">\n\t\t\t<div class=\"elementor-spacer-inner\"><\/div>\n\t\t<\/div>\n\t\t\t\t\t\t<\/div>\n\t\t<div class=\"elementor-element elementor-element-6e7a465 e-con-full e-flex e-con e-child\" data-id=\"6e7a465\" data-element_type=\"container\" data-e-type=\"container\">\n\t\t\t\t<div class=\"elementor-element elementor-element-79d614c elementor-widget elementor-widget-button\" data-id=\"79d614c\" data-element_type=\"widget\" data-e-type=\"widget\" data-widget_type=\"button.default\">\n\t\t\t\t\t\t\t\t\t\t<a class=\"elementor-button elementor-button-link elementor-size-sm\" href=\"mailto:info@one-agriculture.com%20\">\n\t\t\t\t\t\t<span class=\"elementor-button-content-wrapper\">\n\t\t\t\t\t\t\t\t\t<span class=\"elementor-button-text\">info@one-agriculture.com <\/span>\n\t\t\t\t\t<\/span>\n\t\t\t\t\t<\/a>\n\t\t\t\t\t\t\t\t<\/div>\n\t\t\t\t<\/div>\n\t\t\t\t\t<\/div>\n\t\t\t\t<\/div>\n\t\t\t\t<\/div>\n\t\t","protected":false},"excerpt":{"rendered":"<p>Kontaktn\u00ed Pros\u00edm, kontaktujte n\u00e1s info@one-agriculture.com<\/p>\n","protected":false},"author":1,"featured_media":0,"parent":0,"menu_order":0,"comment_status":"closed","ping_status":"closed","template":"","meta":{"_acf_changed":false,"footnotes":""},"class_list":["post-2002","page","type-page","status-publish","hentry"],"acf":[],"_links":{"self":[{"href":"https:\/\/one-agriculture.com\/cs\/wp-json\/wp\/v2\/pages\/2002","targetHints":{"allow":["GET"]}}],"collection":[{"href":"https:\/\/one-agriculture.com\/cs\/wp-json\/wp\/v2\/pages"}],"about":[{"href":"https:\/\/one-agriculture.com\/cs\/wp-json\/wp\/v2\/types\/page"}],"author":[{"embeddable":true,"href":"https:\/\/one-agriculture.com\/cs\/wp-json\/wp\/v2\/users\/1"}],"replies":[{"embeddable":true,"href":"https:\/\/one-agriculture.com\/cs\/wp-json\/wp\/v2\/comments?post=2002"}],"version-history":[{"count":4,"href":"https:\/\/one-agriculture.com\/cs\/wp-json\/wp\/v2\/pages\/2002\/revisions"}],"predecessor-version":[{"id":2319,"href":"https:\/\/one-agriculture.com\/cs\/wp-json\/wp\/v2\/pages\/2002\/revisions\/2319"}],"wp:attachment":[{"href":"https:\/\/one-agriculture.com\/cs\/wp-json\/wp\/v2\/media?parent=2002"}],"curies":[{"name":"wp","href":"https:\/\/api.w.org\/{rel}","templated":true}]}}